{"id":2369,"date":"2025-03-18T17:11:16","date_gmt":"2025-03-18T16:11:16","guid":{"rendered":"https:\/\/www.ecuriesdesmuriers.com\/?page_id=2369"},"modified":"2025-10-30T15:36:12","modified_gmt":"2025-10-30T14:36:12","slug":"mentions-legales","status":"publish","type":"page","link":"https:\/\/www.ecuriesdesmuriers.com\/index.php\/mentions-legales\/","title":{"rendered":"Mentions l\u00e9gales"},"content":{"rendered":"\n<p><strong>1. Informations G\u00e9n\u00e9rales<\/strong><br>Conform\u00e9ment \u00e0 l&rsquo;article 6 de la loi n\u00b02004-575 du 21 juin 2004 pour la confiance dans l&rsquo;\u00e9conomie num\u00e9rique, il est pr\u00e9cis\u00e9 aux utilisateurs du site internet Ecuries des M\u00fbriers, l&rsquo;identit\u00e9 des diff\u00e9rents intervenants dans le cadre de sa r\u00e9alisation et de son suivi :<\/p>\n\n\n\n<ul class=\"wp-block-list\">\n<li><strong>Propri\u00e9taire du site<\/strong> : Ecuries des M\u00fbriers<\/li>\n\n\n\n<li><strong>Adresse <\/strong>: Rue de l&rsquo;h\u00f4pital St Jean Dieu, Marquette-Lez-Lille<\/li>\n\n\n\n<li><strong>Num\u00e9ro SIRET<\/strong> : 48366831500011<\/li>\n\n\n\n<li><strong>Contact<\/strong> : ecuriesdesmuriers@gmail.com<\/li>\n<\/ul>\n\n\n\n<p><strong>2. Responsable de la publication<\/strong><br>R\u00e9alisation du site : H\u00e9lo\u00efse DESRUMAUX, associ\u00e9e. <\/p>\n\n\n\n<p><strong>3. H\u00e9bergeur du site<\/strong><\/p>\n\n\n\n<ul class=\"wp-block-list\">\n<li><strong>Nom de l&rsquo;h\u00e9bergeur<\/strong> : Rapidomaine<\/li>\n\n\n\n<li><strong>Adresse<\/strong> : 3 rue Moncey 75009 Paris<\/li>\n\n\n\n<li><strong>Contact<\/strong> : support@rapidomaine.fr<\/li>\n<\/ul>\n\n\n\n<p><strong>4. Propri\u00e9t\u00e9 Intellectuelle<\/strong><br>L&rsquo;ensemble du contenu pr\u00e9sent sur le site (textes, images, logos, etc.) est prot\u00e9g\u00e9 par les lois en vigueur sur la propri\u00e9t\u00e9 intellectuelle. Toute reproduction ou utilisation sans autorisation expresse est interdite.<\/p>\n\n\n\n<p><strong>5. Protection des Donn\u00e9es Personnelles<\/strong><br>Les informations recueillies via les formulaires de contact ou d&rsquo;inscription sont destin\u00e9es \u00e0 un usage interne. Conform\u00e9ment au R\u00e8glement G\u00e9n\u00e9ral sur la Protection des Donn\u00e9es (RGPD), vous pouvez exercer votre droit d&rsquo;acc\u00e8s, de rectification et de suppression des donn\u00e9es vous concernant en contactant : ecuriesdesmuriers@gmail.com.<\/p>\n\n\n\n<p><strong>6. Responsabilit\u00e9<\/strong><br>Les Ecuries des M\u00fbriers s&rsquo;efforcent de fournir des informations exactes et mises \u00e0 jour sur son site. Toutefois, il ne saurait \u00eatre tenu responsable d&rsquo;erreurs, d&rsquo;omissions ou de l&rsquo;indisponibilit\u00e9 de certaines informations.<\/p>\n\n\n\n<p><strong>7. Cookies<\/strong><br>Le site peut utiliser des cookies pour am\u00e9liorer l&rsquo;exp\u00e9rience utilisateur. Vous pouvez configurer votre navigateur pour refuser les cookies.<\/p>\n\n\n\n<p><strong>8. Droit Applicable et Juridiction Comp\u00e9tente<\/strong><br>Tout litige en relation avec l&rsquo;utilisation du site est soumis au droit fran\u00e7ais. En cas de litige, les tribunaux comp\u00e9tents seront ceux de Lille.<\/p>\n\n\n\n<p>Pour toute question, vous pouvez nous contacter \u00e0 ecuriesdesmuriers@gmail.com.<\/p>\n","protected":false},"excerpt":{"rendered":"<p>1. Informations G\u00e9n\u00e9ralesConform\u00e9ment \u00e0 l&rsquo;article 6 de la loi n\u00b02004-575 du 21 juin 2004 pour la confiance dans l&rsquo;\u00e9conomie num\u00e9rique, il est pr\u00e9cis\u00e9 aux utilisateurs du site internet Ecuries des M\u00fbriers, l&rsquo;identit\u00e9 des diff\u00e9rents intervenants dans le cadre de sa r\u00e9alisation et de son suivi : 2. Responsable de la [&hellip;]<\/p>\n","protected":false},"author":1,"featured_media":0,"parent":0,"menu_order":0,"comment_status":"closed","ping_status":"closed","template":"","meta":{"footnotes":""},"class_list":["post-2369","page","type-page","status-publish","hentry"],"_links":{"self":[{"href":"https:\/\/www.ecuriesdesmuriers.com\/index.php\/wp-json\/wp\/v2\/pages\/2369","targetHints":{"allow":["GET"]}}],"collection":[{"href":"https:\/\/www.ecuriesdesmuriers.com\/index.php\/wp-json\/wp\/v2\/pages"}],"about":[{"href":"https:\/\/www.ecuriesdesmuriers.com\/index.php\/wp-json\/wp\/v2\/types\/page"}],"author":[{"embeddable":true,"href":"https:\/\/www.ecuriesdesmuriers.com\/index.php\/wp-json\/wp\/v2\/users\/1"}],"replies":[{"embeddable":true,"href":"https:\/\/www.ecuriesdesmuriers.com\/index.php\/wp-json\/wp\/v2\/comments?post=2369"}],"version-history":[{"count":2,"href":"https:\/\/www.ecuriesdesmuriers.com\/index.php\/wp-json\/wp\/v2\/pages\/2369\/revisions"}],"predecessor-version":[{"id":2689,"href":"https:\/\/www.ecuriesdesmuriers.com\/index.php\/wp-json\/wp\/v2\/pages\/2369\/revisions\/2689"}],"wp:attachment":[{"href":"https:\/\/www.ecuriesdesmuriers.com\/index.php\/wp-json\/wp\/v2\/media?parent=2369"}],"curies":[{"name":"wp","href":"https:\/\/api.w.org\/{rel}","templated":true}]}}