{"id":2265,"date":"2024-12-17T13:56:47","date_gmt":"2024-12-17T12:56:47","guid":{"rendered":"https:\/\/www.ecuriesdesmuriers.com\/?page_id=2265"},"modified":"2025-01-18T15:25:00","modified_gmt":"2025-01-18T14:25:00","slug":"cartes-cadeau-ecuries-des-muriers","status":"publish","type":"page","link":"https:\/\/www.ecuriesdesmuriers.com\/index.php\/actualite\/cartes-cadeau-ecuries-des-muriers\/","title":{"rendered":"DECOUVREZ NOS CARTES CADEAU AUX COULEURS DES ECURIES DES MURIERS"},"content":{"rendered":"\t\t<div data-elementor-type=\"wp-page\" data-elementor-id=\"2265\" class=\"elementor elementor-2265\">\n\t\t\t\t\t\t<section class=\"elementor-section elementor-top-section elementor-element elementor-element-32ae5d8 elementor-section-boxed elementor-section-height-default elementor-section-height-default\" data-id=\"32ae5d8\" data-element_type=\"section\">\n\t\t\t\t\t\t<div class=\"elementor-container elementor-column-gap-default\">\n\t\t\t\t\t<div class=\"elementor-column elementor-col-100 elementor-top-column elementor-element elementor-element-57576fc\" data-id=\"57576fc\" data-element_type=\"column\">\n\t\t\t<div class=\"elementor-widget-wrap elementor-element-populated\">\n\t\t\t\t\t\t<div class=\"elementor-element elementor-element-1682c9b elementor-widget elementor-widget-image\" data-id=\"1682c9b\" data-element_type=\"widget\" data-widget_type=\"image.default\">\n\t\t\t\t<div class=\"elementor-widget-container\">\n\t\t\t\t\t\t\t\t\t\t\t\t\t\t\t<img fetchpriority=\"high\" decoding=\"async\" width=\"520\" height=\"230\" src=\"https:\/\/www.ecuriesdesmuriers.com\/wp-content\/uploads\/2024\/12\/cartekdo.png\" class=\"attachment-medium_large size-medium_large wp-image-2285\" alt=\"\" srcset=\"https:\/\/www.ecuriesdesmuriers.com\/wp-content\/uploads\/2024\/12\/cartekdo.png 520w, https:\/\/www.ecuriesdesmuriers.com\/wp-content\/uploads\/2024\/12\/cartekdo-300x133.png 300w\" sizes=\"(max-width: 520px) 100vw, 520px\" \/>\t\t\t\t\t\t\t\t\t\t\t\t\t\t\t<\/div>\n\t\t\t\t<\/div>\n\t\t\t\t\t<\/div>\n\t\t<\/div>\n\t\t\t\t\t<\/div>\n\t\t<\/section>\n\t\t\t\t<section class=\"elementor-section elementor-top-section elementor-element elementor-element-144cda38 elementor-section-boxed elementor-section-height-default elementor-section-height-default\" data-id=\"144cda38\" data-element_type=\"section\">\n\t\t\t\t\t\t<div class=\"elementor-container elementor-column-gap-default\">\n\t\t\t\t\t<div class=\"elementor-column elementor-col-100 elementor-top-column elementor-element elementor-element-1b0f3b55\" data-id=\"1b0f3b55\" data-element_type=\"column\">\n\t\t\t<div class=\"elementor-widget-wrap elementor-element-populated\">\n\t\t\t\t\t\t<div class=\"elementor-element elementor-element-14e9e90d elementor-widget elementor-widget-text-editor\" data-id=\"14e9e90d\" data-element_type=\"widget\" data-widget_type=\"text-editor.default\">\n\t\t\t\t<div class=\"elementor-widget-container\">\n\t\t\t\t\t\t\t\t\t\t\t\t\t\t\t\t\t<\/div>\n\t\t\t\t<\/div>\n\t\t\t\t\t<\/div>\n\t\t<\/div>\n\t\t\t\t\t<\/div>\n\t\t<\/section>\n\t\t\t\t<section class=\"elementor-section elementor-top-section elementor-element elementor-element-75e5933 elementor-section-boxed elementor-section-height-default elementor-section-height-default\" data-id=\"75e5933\" data-element_type=\"section\">\n\t\t\t\t\t\t<div class=\"elementor-container elementor-column-gap-default\">\n\t\t\t\t\t<div class=\"elementor-column elementor-col-100 elementor-top-column elementor-element elementor-element-bf7ba7e\" data-id=\"bf7ba7e\" data-element_type=\"column\">\n\t\t\t<div class=\"elementor-widget-wrap elementor-element-populated\">\n\t\t\t\t\t\t<div class=\"elementor-element elementor-element-56eea0b elementor-widget__width-initial elementor-widget elementor-widget-wpforms\" data-id=\"56eea0b\" data-element_type=\"widget\" data-widget_type=\"wpforms.default\">\n\t\t\t\t<div class=\"elementor-widget-container\">\n\t\t\t\t\t<div class=\"wpforms-container wpforms-container-full wpforms-block wpforms-block-2db82517-76e1-4dff-a57a-2bbe4c8b4360\" id=\"wpforms-2258\"><form id=\"wpforms-form-2258\" class=\"wpforms-validate wpforms-form wpforms-ajax-form\" data-formid=\"2258\" method=\"post\" enctype=\"multipart\/form-data\" action=\"\/index.php\/wp-json\/wp\/v2\/pages\/2265\" data-token=\"87448ea2c18a2d9aaf73843cf66fe258\" data-token-time=\"1778239656\"><div class=\"wpforms-head-container\"><div class=\"wpforms-description\">Vous souhaitez offrir une carte cadeau aux couleurs des Ecuries des M\u00fbriers \u00e0 l'un de vos proches ? \r\nRenseignez le formulaire ci-dessous et nous reviendrons rapidement vers vous -<\/div><\/div><noscript class=\"wpforms-error-noscript\">Veuillez activer JavaScript dans votre navigateur pour remplir ce formulaire.<\/noscript><div class=\"wpforms-field-container\"><div id=\"wpforms-2258-field_1-container\" class=\"wpforms-field wpforms-field-name\" data-field-id=\"1\"><label class=\"wpforms-field-label\">Vos coordonn\u00e9es <span class=\"wpforms-required-label\">*<\/span><\/label><div class=\"wpforms-field-row wpforms-field-medium\"><div class=\"wpforms-field-row-block wpforms-first wpforms-one-half\"><input type=\"text\" id=\"wpforms-2258-field_1\" class=\"wpforms-field-name-first wpforms-field-required\" name=\"wpforms[fields][1][first]\" required><label for=\"wpforms-2258-field_1\" class=\"wpforms-field-sublabel after\">Pr\u00e9nom<\/label><\/div><div class=\"wpforms-field-row-block wpforms-one-half\"><input type=\"text\" id=\"wpforms-2258-field_1-last\" class=\"wpforms-field-name-last wpforms-field-required\" name=\"wpforms[fields][1][last]\" required><label for=\"wpforms-2258-field_1-last\" class=\"wpforms-field-sublabel after\">Nom<\/label><\/div><\/div><\/div><div id=\"wpforms-2258-field_2-container\" class=\"wpforms-field wpforms-field-email\" data-field-id=\"2\"><label class=\"wpforms-field-label\" for=\"wpforms-2258-field_2\">Email <span class=\"wpforms-required-label\">*<\/span><\/label><input type=\"email\" id=\"wpforms-2258-field_2\" class=\"wpforms-field-medium wpforms-field-required\" name=\"wpforms[fields][2]\" spellcheck=\"false\" required><\/div><div id=\"wpforms-2258-field_3-container\" class=\"wpforms-field wpforms-field-radio\" data-field-id=\"3\"><label class=\"wpforms-field-label\">PRESTATION - choisissez la prestation de votre choix <span class=\"wpforms-required-label\">*<\/span><\/label><ul id=\"wpforms-2258-field_3\" class=\"wpforms-field-required\"><li class=\"choice-1 depth-1\"><input type=\"radio\" id=\"wpforms-2258-field_3_1\" name=\"wpforms[fields][3]\" value=\"S\u00e9ance(s) d&#039;\u00e9quitation collectives\" required ><label class=\"wpforms-field-label-inline\" for=\"wpforms-2258-field_3_1\">S\u00e9ance(s) d'\u00e9quitation collectives<\/label><\/li><li class=\"choice-2 depth-1\"><input type=\"radio\" id=\"wpforms-2258-field_3_2\" name=\"wpforms[fields][3]\" value=\"S\u00e9ance(s) d&#039;\u00e9quitation individuelles\" required ><label class=\"wpforms-field-label-inline\" for=\"wpforms-2258-field_3_2\">S\u00e9ance(s) d'\u00e9quitation individuelles<\/label><\/li><li class=\"choice-4 depth-1\"><input type=\"radio\" id=\"wpforms-2258-field_3_4\" name=\"wpforms[fields][3]\" value=\"Stage(s) pendant les vacances\" required ><label class=\"wpforms-field-label-inline\" for=\"wpforms-2258-field_3_4\">Stage(s) pendant les vacances<\/label><\/li><\/ul><\/div><div id=\"wpforms-2258-field_9-container\" class=\"wpforms-field wpforms-field-number-slider\" data-field-id=\"9\"><label class=\"wpforms-field-label\" for=\"wpforms-2258-field_9\">Nombre de s\u00e9ance(s)\/stage(s) souhait\u00e9 ?<\/label>\n<input\n\ttype=\"range\"\n\tid=\"wpforms-2258-field_9\" class=\"wpforms-field-medium\" name=\"wpforms[fields][9]\" value=\"1\"\t\tmin=\"1\"\n\tmax=\"15\"\n\tstep=\"1\">\n\n<div class=\"wpforms-field-number-slider-hint\"\n\tdata-hint=\"Valeur s\u00e9lectionn\u00e9e\u00a0: {value}\">\n\tValeur s\u00e9lectionn\u00e9e\u00a0: <b>1<\/b><\/div>\n<div class=\"wpforms-field-description\">Merci d'indiquer ici le nombre de s\u00e9ance ou de stage que vous souhaitez offrir afin que nous g\u00e9n\u00e9rions un devis.<\/div><\/div>\t\t<div id=\"wpforms-2258-field_4-container\"\n\t\t\tclass=\"wpforms-field wpforms-field-text\"\n\t\t\tdata-field-type=\"text\"\n\t\t\tdata-field-id=\"4\"\n\t\t\t>\n\t\t\t<label class=\"wpforms-field-label\" for=\"wpforms-2258-field_4\" >Vous Offert de<\/label>\n\t\t\t<input type=\"text\" id=\"wpforms-2258-field_4\" class=\"wpforms-field-medium\" name=\"wpforms[fields][4]\" >\n\t\t<\/div>\n\t\t<div id=\"wpforms-2258-field_8-container\" class=\"wpforms-field wpforms-field-text\" data-field-id=\"8\"><label class=\"wpforms-field-label\" for=\"wpforms-2258-field_8\">Offert de la part de :<\/label><input type=\"text\" id=\"wpforms-2258-field_8\" class=\"wpforms-field-medium\" name=\"wpforms[fields][8]\" ><div class=\"wpforms-field-description\">Cette information apparaitra sur la carte cadeau si renseign\u00e9e<\/div><\/div><div id=\"wpforms-2258-field_7-container\" class=\"wpforms-field wpforms-field-textarea\" data-field-id=\"7\"><label class=\"wpforms-field-label\" for=\"wpforms-2258-field_7\">Vous avez des questions ?<\/label><textarea id=\"wpforms-2258-field_7\" class=\"wpforms-field-medium\" name=\"wpforms[fields][7]\" ><\/textarea><\/div><script>\n\t\t\t\t( function() {\n\t\t\t\t\tconst style = document.createElement( 'style' );\n\t\t\t\t\tstyle.appendChild( document.createTextNode( '#wpforms-2258-field_4-container { position: absolute !important; overflow: hidden !important; display: inline !important; height: 1px !important; width: 1px !important; z-index: -1000 !important; padding: 0 !important; } #wpforms-2258-field_4-container input { visibility: hidden; } #wpforms-conversational-form-page #wpforms-2258-field_4-container label { counter-increment: none; }' ) );\n\t\t\t\t\tdocument.head.appendChild( style );\n\t\t\t\t\tdocument.currentScript?.remove();\n\t\t\t\t} )();\n\t\t\t<\/script><\/div><!-- .wpforms-field-container --><div class=\"wpforms-submit-container\" ><input type=\"hidden\" name=\"wpforms[id]\" value=\"2258\"><input type=\"hidden\" name=\"page_title\" value=\"\"><input type=\"hidden\" name=\"page_url\" value=\"https:\/\/www.ecuriesdesmuriers.com\/index.php\/wp-json\/wp\/v2\/pages\/2265\"><input type=\"hidden\" name=\"url_referer\" value=\"\"><button type=\"submit\" name=\"wpforms[submit]\" id=\"wpforms-submit-2258\" class=\"wpforms-submit\" data-alt-text=\"Envoi en cours...\" data-submit-text=\"Envoyer\" aria-live=\"assertive\" value=\"wpforms-submit\">Envoyer<\/button><img decoding=\"async\" src=\"https:\/\/www.ecuriesdesmuriers.com\/wp-content\/plugins\/wpforms-lite\/assets\/images\/submit-spin.svg\" class=\"wpforms-submit-spinner\" style=\"display: none;\" width=\"26\" height=\"26\" alt=\"Chargement en cours\"><\/div><\/form><\/div>  <!-- .wpforms-container -->\t\t\t\t<\/div>\n\t\t\t\t<\/div>\n\t\t\t\t\t<\/div>\n\t\t<\/div>\n\t\t\t\t\t<\/div>\n\t\t<\/section>\n\t\t\t\t<\/div>\n\t\t","protected":false},"excerpt":{"rendered":"<p>Vous souhaitez offrir une carte cadeau aux couleurs des Ecuries des M\u00fbriers \u00e0 l&rsquo;un de vos proches ? Renseignez le formulaire ci-dessous et nous reviendrons rapidement vers vous &#8211;Veuillez activer JavaScript dans votre navigateur pour remplir ce formulaire.Vos coordonn\u00e9es *Pr\u00e9nomNomEmail *PRESTATION &#8211; choisissez la prestation de votre choix * S\u00e9ance(s) [&hellip;]<\/p>\n","protected":false},"author":1,"featured_media":0,"parent":404,"menu_order":1,"comment_status":"closed","ping_status":"closed","template":"","meta":{"footnotes":""},"class_list":["post-2265","page","type-page","status-publish","hentry"],"_links":{"self":[{"href":"https:\/\/www.ecuriesdesmuriers.com\/index.php\/wp-json\/wp\/v2\/pages\/2265","targetHints":{"allow":["GET"]}}],"collection":[{"href":"https:\/\/www.ecuriesdesmuriers.com\/index.php\/wp-json\/wp\/v2\/pages"}],"about":[{"href":"https:\/\/www.ecuriesdesmuriers.com\/index.php\/wp-json\/wp\/v2\/types\/page"}],"author":[{"embeddable":true,"href":"https:\/\/www.ecuriesdesmuriers.com\/index.php\/wp-json\/wp\/v2\/users\/1"}],"replies":[{"embeddable":true,"href":"https:\/\/www.ecuriesdesmuriers.com\/index.php\/wp-json\/wp\/v2\/comments?post=2265"}],"version-history":[{"count":8,"href":"https:\/\/www.ecuriesdesmuriers.com\/index.php\/wp-json\/wp\/v2\/pages\/2265\/revisions"}],"predecessor-version":[{"id":2328,"href":"https:\/\/www.ecuriesdesmuriers.com\/index.php\/wp-json\/wp\/v2\/pages\/2265\/revisions\/2328"}],"up":[{"embeddable":true,"href":"https:\/\/www.ecuriesdesmuriers.com\/index.php\/wp-json\/wp\/v2\/pages\/404"}],"wp:attachment":[{"href":"https:\/\/www.ecuriesdesmuriers.com\/index.php\/wp-json\/wp\/v2\/media?parent=2265"}],"curies":[{"name":"wp","href":"https:\/\/api.w.org\/{rel}","templated":true}]}}