{"id":1431,"date":"2022-11-29T08:59:57","date_gmt":"2022-11-29T07:59:57","guid":{"rendered":"https:\/\/www.ecuriesdesmuriers.com\/devwp\/?page_id=1431"},"modified":"2022-12-13T08:47:50","modified_gmt":"2022-12-13T07:47:50","slug":"espace-cavalier-e","status":"publish","type":"page","link":"https:\/\/www.ecuriesdesmuriers.com\/index.php\/planning-cours\/espace-cavalier-e\/","title":{"rendered":"Espace \u00ab\u00a0Cavalier.e\u00a0\u00bb"},"content":{"rendered":"\t\t<div data-elementor-type=\"wp-page\" data-elementor-id=\"1431\" class=\"elementor elementor-1431\">\n\t\t\t\t\t\t<section class=\"elementor-section elementor-top-section elementor-element elementor-element-b443691 elementor-section-boxed elementor-section-height-default elementor-section-height-default\" data-id=\"b443691\" data-element_type=\"section\">\n\t\t\t\t\t\t<div class=\"elementor-container elementor-column-gap-default\">\n\t\t\t\t\t<div class=\"elementor-column elementor-col-100 elementor-top-column elementor-element elementor-element-a9d898c\" data-id=\"a9d898c\" data-element_type=\"column\">\n\t\t\t<div class=\"elementor-widget-wrap elementor-element-populated\">\n\t\t\t\t\t\t<div class=\"elementor-element elementor-element-728e64d elementor-widget elementor-widget-heading\" data-id=\"728e64d\" data-element_type=\"widget\" data-widget_type=\"heading.default\">\n\t\t\t\t<div class=\"elementor-widget-container\">\n\t\t\t\t\t<h2 class=\"elementor-heading-title elementor-size-default\">Acc\u00e9dez \u00e0 votre espace personnel !<\/h2>\t\t\t\t<\/div>\n\t\t\t\t<\/div>\n\t\t\t\t\t<\/div>\n\t\t<\/div>\n\t\t\t\t\t<\/div>\n\t\t<\/section>\n\t\t\t\t<section class=\"elementor-section elementor-top-section elementor-element elementor-element-d41fa3a elementor-section-boxed elementor-section-height-default elementor-section-height-default\" data-id=\"d41fa3a\" data-element_type=\"section\">\n\t\t\t\t\t\t<div class=\"elementor-container elementor-column-gap-default\">\n\t\t\t\t\t<div class=\"elementor-column elementor-col-100 elementor-top-column elementor-element elementor-element-6e0e1e2\" data-id=\"6e0e1e2\" data-element_type=\"column\">\n\t\t\t<div class=\"elementor-widget-wrap elementor-element-populated\">\n\t\t\t\t\t\t<div class=\"elementor-element elementor-element-fc8e23d elementor-widget elementor-widget-text-editor\" data-id=\"fc8e23d\" data-element_type=\"widget\" data-widget_type=\"text-editor.default\">\n\t\t\t\t<div class=\"elementor-widget-container\">\n\t\t\t\t\t\t\t\t\t<hr \/><hr \/><p><\/p><p>Les Ecuries des M\u00fbriers mettent d\u00e9sormais un espace d\u00e9di\u00e9\u00a0<span style=\"font-size: inherit;\">\u00e0 disposition de ses cavaliers !\u00a0<\/span><\/p><p><\/p><p><span style=\"font-size: inherit;\">De cette mani\u00e8re, petits et grands cavaliers de club pourront s&rsquo;inscrire ou se d\u00e9sinscrire des cours collectifs.<\/span><\/p><p>L&rsquo;acc\u00e8s est aussi disponible pour les cavaliers et propri\u00e9taires ! En plus, ces derniers peuvent aussi renseigner les informations n\u00e9cessaires aux bons soins de leurs \u00e9quid\u00e9s !<\/p>\t\t\t\t\t\t\t\t<\/div>\n\t\t\t\t<\/div>\n\t\t\t\t\t<\/div>\n\t\t<\/div>\n\t\t\t\t\t<\/div>\n\t\t<\/section>\n\t\t\t\t<section class=\"elementor-section elementor-top-section elementor-element elementor-element-06f39a9 elementor-section-boxed elementor-section-height-default elementor-section-height-default\" data-id=\"06f39a9\" data-element_type=\"section\">\n\t\t\t\t\t\t<div class=\"elementor-container elementor-column-gap-default\">\n\t\t\t\t\t<div class=\"elementor-column elementor-col-50 elementor-top-column elementor-element elementor-element-59e57df\" data-id=\"59e57df\" data-element_type=\"column\">\n\t\t\t<div class=\"elementor-widget-wrap elementor-element-populated\">\n\t\t\t\t\t\t<div class=\"elementor-element elementor-element-1db22a1 elementor-widget elementor-widget-image\" data-id=\"1db22a1\" data-element_type=\"widget\" data-widget_type=\"image.default\">\n\t\t\t\t<div class=\"elementor-widget-container\">\n\t\t\t\t\t\t\t\t\t\t\t\t\t\t\t\t<a href=\"https:\/\/www.mes-ecuries.com\/\" target=\"_blank\">\n\t\t\t\t\t\t\t<img decoding=\"async\" width=\"300\" height=\"118\" src=\"https:\/\/www.ecuriesdesmuriers.com\/wp-content\/uploads\/2022\/12\/logo-mesecuries.png\" class=\"attachment-large size-large wp-image-1446\" alt=\"\" \/>\t\t\t\t\t\t\t\t<\/a>\n\t\t\t\t\t\t\t\t\t\t\t\t\t\t\t<\/div>\n\t\t\t\t<\/div>\n\t\t\t\t\t<\/div>\n\t\t<\/div>\n\t\t\t\t<div class=\"elementor-column elementor-col-50 elementor-top-column elementor-element elementor-element-68b2166\" data-id=\"68b2166\" data-element_type=\"column\">\n\t\t\t<div class=\"elementor-widget-wrap elementor-element-populated\">\n\t\t\t\t\t\t<div class=\"elementor-element elementor-element-a1b11db elementor-align-center elementor-widget elementor-widget-button\" data-id=\"a1b11db\" data-element_type=\"widget\" data-widget_type=\"button.default\">\n\t\t\t\t<div class=\"elementor-widget-container\">\n\t\t\t\t\t\t\t\t\t<div class=\"elementor-button-wrapper\">\n\t\t\t\t\t<a class=\"elementor-button elementor-button-link elementor-size-md\" href=\"https:\/\/www.mes-ecuries.com\/\" target=\"_blank\">\n\t\t\t\t\t\t<span class=\"elementor-button-content-wrapper\">\n\t\t\t\t\t\t\t\t\t<span class=\"elementor-button-text\">Me connecter<\/span>\n\t\t\t\t\t<\/span>\n\t\t\t\t\t<\/a>\n\t\t\t\t<\/div>\n\t\t\t\t\t\t\t\t<\/div>\n\t\t\t\t<\/div>\n\t\t\t\t\t<\/div>\n\t\t<\/div>\n\t\t\t\t\t<\/div>\n\t\t<\/section>\n\t\t\t\t<section class=\"elementor-section elementor-top-section elementor-element elementor-element-420db16 elementor-section-boxed elementor-section-height-default elementor-section-height-default\" data-id=\"420db16\" data-element_type=\"section\">\n\t\t\t\t\t\t<div class=\"elementor-container elementor-column-gap-default\">\n\t\t\t\t\t<div class=\"elementor-column elementor-col-100 elementor-top-column elementor-element elementor-element-31d3a4c\" data-id=\"31d3a4c\" data-element_type=\"column\">\n\t\t\t<div class=\"elementor-widget-wrap elementor-element-populated\">\n\t\t\t\t\t\t<div class=\"elementor-element elementor-element-35e84df elementor-widget elementor-widget-spacer\" data-id=\"35e84df\" data-element_type=\"widget\" data-widget_type=\"spacer.default\">\n\t\t\t\t<div class=\"elementor-widget-container\">\n\t\t\t\t\t\t\t<div class=\"elementor-spacer\">\n\t\t\t<div class=\"elementor-spacer-inner\"><\/div>\n\t\t<\/div>\n\t\t\t\t\t\t<\/div>\n\t\t\t\t<\/div>\n\t\t\t\t\t<\/div>\n\t\t<\/div>\n\t\t\t\t\t<\/div>\n\t\t<\/section>\n\t\t\t\t<\/div>\n\t\t","protected":false},"excerpt":{"rendered":"<p>Acc\u00e9dez \u00e0 votre espace personnel ! Les Ecuries des M\u00fbriers mettent d\u00e9sormais un espace d\u00e9di\u00e9\u00a0\u00e0 disposition de ses cavaliers !\u00a0 De cette mani\u00e8re, petits et grands cavaliers de club pourront s&rsquo;inscrire ou se d\u00e9sinscrire des cours collectifs. L&rsquo;acc\u00e8s est aussi disponible pour les cavaliers et propri\u00e9taires ! En plus, ces [&hellip;]<\/p>\n","protected":false},"author":2,"featured_media":0,"parent":33,"menu_order":0,"comment_status":"closed","ping_status":"closed","template":"","meta":{"footnotes":""},"class_list":["post-1431","page","type-page","status-publish","hentry"],"_links":{"self":[{"href":"https:\/\/www.ecuriesdesmuriers.com\/index.php\/wp-json\/wp\/v2\/pages\/1431","targetHints":{"allow":["GET"]}}],"collection":[{"href":"https:\/\/www.ecuriesdesmuriers.com\/index.php\/wp-json\/wp\/v2\/pages"}],"about":[{"href":"https:\/\/www.ecuriesdesmuriers.com\/index.php\/wp-json\/wp\/v2\/types\/page"}],"author":[{"embeddable":true,"href":"https:\/\/www.ecuriesdesmuriers.com\/index.php\/wp-json\/wp\/v2\/users\/2"}],"replies":[{"embeddable":true,"href":"https:\/\/www.ecuriesdesmuriers.com\/index.php\/wp-json\/wp\/v2\/comments?post=1431"}],"version-history":[{"count":39,"href":"https:\/\/www.ecuriesdesmuriers.com\/index.php\/wp-json\/wp\/v2\/pages\/1431\/revisions"}],"predecessor-version":[{"id":1610,"href":"https:\/\/www.ecuriesdesmuriers.com\/index.php\/wp-json\/wp\/v2\/pages\/1431\/revisions\/1610"}],"up":[{"embeddable":true,"href":"https:\/\/www.ecuriesdesmuriers.com\/index.php\/wp-json\/wp\/v2\/pages\/33"}],"wp:attachment":[{"href":"https:\/\/www.ecuriesdesmuriers.com\/index.php\/wp-json\/wp\/v2\/media?parent=1431"}],"curies":[{"name":"wp","href":"https:\/\/api.w.org\/{rel}","templated":true}]}}